{"id":74,"date":"2021-01-23T08:22:37","date_gmt":"2021-01-23T07:22:37","guid":{"rendered":"http:\/\/afdetoccitaniemp.fr\/?page_id=74"},"modified":"2025-02-27T10:57:45","modified_gmt":"2025-02-27T09:57:45","slug":"qui-sommes-nous","status":"publish","type":"page","link":"https:\/\/afdetoccitaniemp.fr\/?page_id=74","title":{"rendered":"Qui sommes nous?"},"content":{"rendered":"\n<div class=\"wp-block-cover\" style=\"min-height:168px;aspect-ratio:unset;\"><span aria-hidden=\"true\" class=\"wp-block-cover__background has-background-dim\" style=\"background-color:#3f6c6c\"><\/span><img loading=\"lazy\" decoding=\"async\" width=\"763\" height=\"219\" class=\"wp-block-cover__image-background wp-image-4918\" alt=\"\" src=\"https:\/\/afdetoccitaniemp.fr\/wp-content\/uploads\/2025\/02\/logo-Afdet-2024-Occitanie-Ouest.png\" style=\"object-position:75% 27%\" data-object-fit=\"cover\" data-object-position=\"75% 27%\" srcset=\"https:\/\/afdetoccitaniemp.fr\/wp-content\/uploads\/2025\/02\/logo-Afdet-2024-Occitanie-Ouest.png 763w, https:\/\/afdetoccitaniemp.fr\/wp-content\/uploads\/2025\/02\/logo-Afdet-2024-Occitanie-Ouest-300x86.png 300w\" sizes=\"auto, (max-width: 763px) 100vw, 763px\" \/><div class=\"wp-block-cover__inner-container is-layout-constrained wp-block-cover-is-layout-constrained\">\n<p class=\"has-text-align-center has-huge-font-size\">30 ann\u00e9es d&rsquo;activit\u00e9s au service des jeunes <\/p>\n<\/div><\/div>\n\n\n\n<p><\/p>\n\n\n\n<h2 class=\"wp-block-heading has-large-font-size\" id=\"composition-de-notre-bureau-2021\">Composition de notre bureau 2024<\/h2>\n\n\n\n<ul class=\"wp-block-list has-normal-font-size\">\n<li><strong>Donald FRATY<\/strong>, Pr\u00e9sident<\/li>\n\n\n\n<li><strong>Simon BRESSOLLES,<\/strong> Vice-pr\u00e9sident<\/li>\n\n\n\n<li><strong>Jean-Louis SCHLOSSER<\/strong>, secr\u00e9taire <\/li>\n\n\n\n<li><strong>Sylvie PETITJEAN, <\/strong>secr\u00e9taire adjointe<\/li>\n\n\n\n<li><strong>Michel RAUFAST<\/strong>, coordinateur des missions hors mentorat<\/li>\n\n\n\n<li><strong>Bernard VILOTTE<\/strong>, tr\u00e9sorier<\/li>\n\n\n\n<li><strong>Yves SARTRAL<\/strong>, tr\u00e9sorier adjoint<\/li>\n\n\n\n<li><strong>Georges MARTINEZ<\/strong>, coordinateur du mentorat<\/li>\n\n\n\n<li>Jean-Fran\u00e7ois CAZES, membre<\/li>\n\n\n\n<li>Ali GUERROUI, membre<\/li>\n\n\n\n<li>Patricia KOCH, membre<\/li>\n\n\n\n<li>Gilles MOREAU, membre<\/li>\n\n\n\n<li>Fran\u00e7ois MAURENS<strong>, <\/strong>membre<\/li>\n\n\n\n<li>Beno\u00eet CURUTCHET, membre<\/li>\n<\/ul>\n\n\n\n<h2 class=\"wp-block-heading has-normal-font-size\" id=\"notre-perimetre-d-intervention\">Notre p\u00e9rim\u00e8tre d&rsquo;intervention<\/h2>\n\n\n\n<p>L&rsquo;AFDET OCCITANIE Ouest une section territoriale de l&rsquo;AFDET, qui couvre les 8 d\u00e9partements de l&rsquo;Acad\u00e9mie de TOULOUSE<\/p>\n\n\n\n<ul class=\"wp-block-list\">\n<li>09 &#8211; l\u2019Ari\u00e8ge (chef-lieu : FOIX)<\/li>\n\n\n\n<li>12- l&rsquo;Aveyron (chef-lieu : RODEZ)<\/li>\n\n\n\n<li>31- la Haute-Garonne (chef-lieu : TOULOUSE)<\/li>\n\n\n\n<li>32- le Gers (chef-lieu : AUCH)<\/li>\n\n\n\n<li>46- le Lot (chef-lieu : ALBI)<\/li>\n\n\n\n<li>65- les Hautes-Pyr\u00e9n\u00e9es (chef-lieu : TARBES)<\/li>\n\n\n\n<li>81- le Tarn (chef-lieu : CAHORS)<\/li>\n\n\n\n<li>82- Le Tarn et Garonne (chef-lieu : MONTAUBAN)<\/li>\n<\/ul>\n\n\n\n<h2 class=\"wp-block-heading has-normal-font-size\" id=\"l-afdet-est-habilitee-a-recevoir-de-la-taxe-d-apprentissage\"><a href=\"https:\/\/afdetoccitaniemp.fr\/?page_id=1081\" data-type=\"page\" data-id=\"1081\">L&rsquo;AFDET est habilit\u00e9e \u00e0 recevoir de la taxe d&rsquo;apprentissage<\/a><\/h2>\n\n\n\n<p>L\u2019AFDET est agr\u00e9\u00e9e par le Minist\u00e8re de l\u2019Education Nationale pour participer \u00e0 des actions d\u2019information et d\u2019aide \u00e0 l\u2019orientation au sein des \u00e9tablissements scolaires, mais peut \u00e9galement intervenir dans des centres de formation priv\u00e9s.<\/p>\n\n\n\n<p>Son action pour la promotion et la formation technologique et professionnelle initiale, pour la valorisation des m\u00e9tiers et l\u2019int\u00e9gration des jeunes en entreprise est reconnue sur le plan national, dans les territoires et notamment en Occitanie Midi-Pyr\u00e9n\u00e9es.<br>En versant directement de la taxe d\u2019apprentissage \u00e0 l\u2019AFDET vous renforcez sa capacit\u00e9 d\u2019agir :<\/p>\n\n\n\n<p>\u2013 au b\u00e9n\u00e9fice des jeunes et des jeunes actifs pour mieux les \u00e9clairer dans leurs choix d\u2019orientation, dans la contribution de leurs parcours de formation et les accompagner notamment vers l\u2019apprentissage,<br>\u2013 au b\u00e9n\u00e9fice des entreprises en leur permettant de trouver les comp\u00e9tences qu\u2019elles recherchent.<\/p>\n\n\n\n<figure class=\"wp-block-table\"><table><tbody><tr><td>L\u2019AFDET, reconnue d\u2019utilit\u00e9 publique, est une association figurant sur une liste \u00e9tablie par Arr\u00eat\u00e9 des ministres charg\u00e9s de l\u2019\u00e9ducation nationale et de la formation professionnelle, agissant au plan national pour la promotion et la formation professionnelle initiale et des m\u00e9tiers. Cette liste est \u00e9tablie pour trois ans (2020-2021-2022). (Arr\u00eat\u00e9 du 22 d\u00e9cembre 2020 paru au JORF du 29 d\u00e9cembre 2020).<\/td><\/tr><\/tbody><\/table><\/figure>\n\n\n\n<h2 class=\"wp-block-heading has-normal-font-size\">L&rsquo;AFDET, force de propositions<\/h2>\n\n\n\n<p>La Ministre charg\u00e9e de l\u2019Enseignement professionnel a sollicit\u00e9 l\u2019AFDET pour travailler au projet de r\u00e9forme de la voie professionnelle, dans le cadre de 4 groupes de travail, qui int\u00e8grent chacun deux membres de notre association, et qui viennent de produire leur synth\u00e8se. Notre vice-pr\u00e9sident Simon BRESSOLLES fait partie du groupe de travail n\u00b02, qui planche plus particuli\u00e8rement sur la r\u00e9forme du lyc\u00e9e professionnel. Le projet de synth\u00e8se des 4 ateliers est consultable et t\u00e9l\u00e9chargeable <a href=\"https:\/\/afdetoccitaniemp.fr\/wp-content\/uploads\/2023\/01\/PROPOSITIONS-SYNTHETIQUES-DE-LAFDET-POUR-LES-4-GT209.pdf\">ici<\/a>.<\/p>\n\n\n\n<p>De son c\u00f4t\u00e9, l&rsquo;AFDET a r\u00e9uni des commissions de r\u00e9flexion ad hoc, qui ont produit un rapport sur l&rsquo;<a href=\"https:\/\/afdetoccitaniemp.fr\/wp-content\/uploads\/2023\/01\/afdet-rapport-sur-linformation-sur-les-metiers-et-lorientation-septembre-2022.pdf\" target=\"_blank\" rel=\"noreferrer noopener\">orientation <\/a>et un sur l&rsquo;<a href=\"https:\/\/afdetoccitaniemp.fr\/wp-content\/uploads\/2023\/01\/afdet-rapport-sur-lapprentissage-en-lycees-aout-2022.pdf\" target=\"_blank\" rel=\"noreferrer noopener\">apprentissage<\/a>.<\/p>\n\n\n\n<p>Par ailleurs, le Pr\u00e9sident national de l&rsquo;AFDET, Philippe DOLE, a remis un rapport \u00e0 Olivier DUSSOPT, Ministre du Travail, du Plein Emploi et de l&rsquo;Insertion, sur la <a href=\"https:\/\/afdetoccitaniemp.fr\/wp-content\/uploads\/2023\/01\/resorption-des-tensions-de-recrutement-bilan-de-la-demarche-engagee-par-six-branches-rapport-igas-philippe-dole-novembre-2022.pdf\">r\u00e9sorption des tensions de recrutement<\/a> dans six branches professionnelles.<\/p>\n\n\n<div class=\"wp-block-image\">\n<figure class=\"alignright size-full is-resized\"><a href=\"#histoire\"><img loading=\"lazy\" decoding=\"async\" width=\"214\" height=\"221\" src=\"https:\/\/afdetoccitaniemp.fr\/wp-content\/uploads\/2022\/02\/Capture-logo-retour-vers-le-haut-de-page.jpg\" alt=\"\" class=\"wp-image-981\" style=\"width:42px;height:43px\"\/><\/a><\/figure>\n<\/div>","protected":false},"excerpt":{"rendered":"<p>Composition de notre bureau 2024 Notre p\u00e9rim\u00e8tre d&rsquo;intervention L&rsquo;AFDET OCCITANIE Ouest une section territoriale de l&rsquo;AFDET, qui couvre les 8 d\u00e9partements de l&rsquo;Acad\u00e9mie de TOULOUSE L&rsquo;AFDET est habilit\u00e9e \u00e0 recevoir <a class=\"more-link\" href=\"https:\/\/afdetoccitaniemp.fr\/?page_id=74\">Continue Reading &rarr;<\/a><\/p>\n","protected":false},"author":1,"featured_media":0,"parent":0,"menu_order":0,"comment_status":"closed","ping_status":"closed","template":"","meta":{"footnotes":""},"class_list":["post-74","page","type-page","status-publish","hentry"],"_links":{"self":[{"href":"https:\/\/afdetoccitaniemp.fr\/index.php?rest_route=\/wp\/v2\/pages\/74","targetHints":{"allow":["GET"]}}],"collection":[{"href":"https:\/\/afdetoccitaniemp.fr\/index.php?rest_route=\/wp\/v2\/pages"}],"about":[{"href":"https:\/\/afdetoccitaniemp.fr\/index.php?rest_route=\/wp\/v2\/types\/page"}],"author":[{"embeddable":true,"href":"https:\/\/afdetoccitaniemp.fr\/index.php?rest_route=\/wp\/v2\/users\/1"}],"replies":[{"embeddable":true,"href":"https:\/\/afdetoccitaniemp.fr\/index.php?rest_route=%2Fwp%2Fv2%2Fcomments&post=74"}],"version-history":[{"count":68,"href":"https:\/\/afdetoccitaniemp.fr\/index.php?rest_route=\/wp\/v2\/pages\/74\/revisions"}],"predecessor-version":[{"id":4923,"href":"https:\/\/afdetoccitaniemp.fr\/index.php?rest_route=\/wp\/v2\/pages\/74\/revisions\/4923"}],"wp:attachment":[{"href":"https:\/\/afdetoccitaniemp.fr\/index.php?rest_route=%2Fwp%2Fv2%2Fmedia&parent=74"}],"curies":[{"name":"wp","href":"https:\/\/api.w.org\/{rel}","templated":true}]}}