{"id":520,"date":"2021-07-16T17:28:37","date_gmt":"2021-07-16T15:28:37","guid":{"rendered":"https:\/\/afdetoccitaniemp.fr\/?page_id=520"},"modified":"2024-01-21T16:03:29","modified_gmt":"2024-01-21T15:03:29","slug":"encadrement-de-visites","status":"publish","type":"page","link":"https:\/\/afdetoccitaniemp.fr\/?page_id=520","title":{"rendered":"Encadrement de visites"},"content":{"rendered":"\n<h2 class=\"wp-block-heading has-large-font-size\" id=\"visite-des-sites-d-airbus\">Visite des sites d&rsquo;Airbus<\/h2>\n\n\n\n<div class=\"wp-block-media-text alignwide is-stacked-on-mobile\" style=\"grid-template-columns:19% auto\"><figure class=\"wp-block-media-text__media\"><img loading=\"lazy\" decoding=\"async\" width=\"237\" height=\"273\" src=\"https:\/\/afdetoccitaniemp.fr\/wp-content\/uploads\/2021\/07\/Capture-Lets-visit-Airbus.jpg\" alt=\"\" class=\"wp-image-459 size-full\"\/><\/figure><div class=\"wp-block-media-text__content\">\n<p class=\"has-normal-font-size\">C&rsquo;est un dispositif qui fait l&rsquo;objet d&rsquo;une convention entre Airbus, l&rsquo;Acad\u00e9mie de TOULOUSE, Manatour, l&rsquo;AFDET OCCITANIE Midi-Pyr\u00e9n\u00e9es et l&rsquo;ONISEP.  Il a pour objet l&rsquo;encadrement de groupes scolaires lors de leur visite des installations de la soci\u00e9t\u00e9 Airbus.<\/p>\n\n\n\n<p>Les \u00e9tablissements scolaires adressent leur demande \u00e0 la soci\u00e9t\u00e9 Manatour, qui en avise nos animateurs. Ceux-ci, avant toute visite, se rendent dans les coll\u00e8ges et les lyc\u00e9es demandeurs pour y organiser une pr\u00e9sentation des m\u00e9tiers de l&rsquo;industrie aupr\u00e8s des \u00e9l\u00e8ves concern\u00e9s. Accompagn\u00e9s d&rsquo;un guide Manatour, ils les prennent ensuite en charge lors de la visite des sites de production.<\/p>\n<\/div><\/div>\n\n\n\n<figure class=\"wp-block-image size-large is-style-default\"><img loading=\"lazy\" decoding=\"async\" width=\"1024\" height=\"419\" src=\"https:\/\/afdetoccitaniemp.fr\/wp-content\/uploads\/2024\/01\/Pre-Visite-Airbus-CASTELSARRASIN-18-01-2023-a-1024x419.jpg\" alt=\"\" class=\"wp-image-4411\" srcset=\"https:\/\/afdetoccitaniemp.fr\/wp-content\/uploads\/2024\/01\/Pre-Visite-Airbus-CASTELSARRASIN-18-01-2023-a-1024x419.jpg 1024w, https:\/\/afdetoccitaniemp.fr\/wp-content\/uploads\/2024\/01\/Pre-Visite-Airbus-CASTELSARRASIN-18-01-2023-a-300x123.jpg 300w, https:\/\/afdetoccitaniemp.fr\/wp-content\/uploads\/2024\/01\/Pre-Visite-Airbus-CASTELSARRASIN-18-01-2023-a-768x314.jpg 768w, https:\/\/afdetoccitaniemp.fr\/wp-content\/uploads\/2024\/01\/Pre-Visite-Airbus-CASTELSARRASIN-18-01-2023-a-1536x629.jpg 1536w, https:\/\/afdetoccitaniemp.fr\/wp-content\/uploads\/2024\/01\/Pre-Visite-Airbus-CASTELSARRASIN-18-01-2023-a-2048x838.jpg 2048w\" sizes=\"auto, (max-width: 1024px) 100vw, 1024px\" \/><figcaption class=\"wp-element-caption\">Intervention de nos animateurs dans l&rsquo;\u00e9tablissement demandeur pour pr\u00e9parer la visite des installations d&rsquo;Airbus<\/figcaption><\/figure>\n\n\n\n<figure class=\"wp-block-gallery has-nested-images columns-default is-cropped wp-block-gallery-1 is-layout-flex wp-block-gallery-is-layout-flex\">\n<figure class=\"wp-block-image size-large is-style-default\"><img loading=\"lazy\" decoding=\"async\" width=\"640\" height=\"480\" data-id=\"4406\" src=\"https:\/\/afdetoccitaniemp.fr\/wp-content\/uploads\/2024\/01\/IMG_32011.jpg\" alt=\"\" class=\"wp-image-4406\" srcset=\"https:\/\/afdetoccitaniemp.fr\/wp-content\/uploads\/2024\/01\/IMG_32011.jpg 640w, https:\/\/afdetoccitaniemp.fr\/wp-content\/uploads\/2024\/01\/IMG_32011-300x225.jpg 300w\" sizes=\"auto, (max-width: 640px) 100vw, 640px\" \/><figcaption class=\"wp-element-caption\">Intervention pr\u00e9paratoire au coll\u00e8ge de PIERREFITE-NESTALAS (65) en d\u00e9cembre 2023<\/figcaption><\/figure>\n\n\n\n<figure class=\"wp-block-image size-large is-style-default\"><img loading=\"lazy\" decoding=\"async\" width=\"1024\" height=\"575\" data-id=\"4407\" src=\"https:\/\/afdetoccitaniemp.fr\/wp-content\/uploads\/2024\/01\/IMG_20240118_1159121-1024x575.jpg\" alt=\"\" class=\"wp-image-4407\" srcset=\"https:\/\/afdetoccitaniemp.fr\/wp-content\/uploads\/2024\/01\/IMG_20240118_1159121-1024x575.jpg 1024w, https:\/\/afdetoccitaniemp.fr\/wp-content\/uploads\/2024\/01\/IMG_20240118_1159121-300x169.jpg 300w, https:\/\/afdetoccitaniemp.fr\/wp-content\/uploads\/2024\/01\/IMG_20240118_1159121-768x432.jpg 768w, https:\/\/afdetoccitaniemp.fr\/wp-content\/uploads\/2024\/01\/IMG_20240118_1159121-1536x863.jpg 1536w, https:\/\/afdetoccitaniemp.fr\/wp-content\/uploads\/2024\/01\/IMG_20240118_1159121-2048x1151.jpg 2048w\" sizes=\"auto, (max-width: 1024px) 100vw, 1024px\" \/><figcaption class=\"wp-element-caption\">Intervention pr\u00e9paratoire au coll\u00e8ge de PREYSSAC (46) en janvier 2024<\/figcaption><\/figure>\n<\/figure>\n\n\n\n<p>En d\u00e9but d\u2019ann\u00e9e 2022, un nouveau format de visite est propos\u00e9 aux \u00e9l\u00e8ves avec un tour de l&rsquo;ensemble des sites Airbus d&rsquo;une dur\u00e9e de 2 heures.<\/p>\n\n\n\n<p>Cette visite d\u00e9bute au mus\u00e9e AEROSCOPIA, en salle de projection, par un film sur la gamme d&rsquo;appareils AIRBUS et sur les cha\u00eenes d&rsquo;assemblage.<\/p>\n\n\n\n<p>Ensuite, les \u00e9l\u00e8ves sont invit\u00e9s \u00e0 prendre le bus pour se se rendre \u00e0 la FAL A350 (Final Assembly Line) \u00e0 SAINT-MARTIN DU TOUCH. Durant le trajet, les diff\u00e9rents b\u00e2timents&nbsp;d&rsquo;AIRBUS leur sont pr\u00e9sent\u00e9s avec leurs activit\u00e9s, tel que le si\u00e8ge&nbsp;d&rsquo;AIRBUS, le service apr\u00e8s-vente et les services administratifs. Une fois arriv\u00e9s au hall A 350, les jeunes descendent du car pour acc\u00e9der \u00e0 un belv\u00e9d\u00e8re d&rsquo;o\u00f9 ils peuvent voir les appareils en cours d&rsquo;assemblage final.<\/p>\n\n\n\n<p>Sur le chemin du retour vers A\u00e9roscopia, les visiteurs passent devant le grand hall de peinture et le centre de livraison des avions de CORNEBARRIEU.<\/p>\n\n\n\n<figure class=\"wp-block-image size-large is-style-default\"><img loading=\"lazy\" decoding=\"async\" width=\"1024\" height=\"448\" src=\"https:\/\/afdetoccitaniemp.fr\/wp-content\/uploads\/2024\/01\/20240119_123317-rf-1024x448.jpg\" alt=\"\" class=\"wp-image-4415\" srcset=\"https:\/\/afdetoccitaniemp.fr\/wp-content\/uploads\/2024\/01\/20240119_123317-rf-1024x448.jpg 1024w, https:\/\/afdetoccitaniemp.fr\/wp-content\/uploads\/2024\/01\/20240119_123317-rf-300x131.jpg 300w, https:\/\/afdetoccitaniemp.fr\/wp-content\/uploads\/2024\/01\/20240119_123317-rf-768x336.jpg 768w, https:\/\/afdetoccitaniemp.fr\/wp-content\/uploads\/2024\/01\/20240119_123317-rf-1536x672.jpg 1536w, https:\/\/afdetoccitaniemp.fr\/wp-content\/uploads\/2024\/01\/20240119_123317-rf-2048x897.jpg 2048w\" sizes=\"auto, (max-width: 1024px) 100vw, 1024px\" \/><figcaption class=\"wp-element-caption\">Groupe d&rsquo;\u00e9l\u00e8ves du LEAP de BEAUMONT DE LOMAGNE (82) en janvier 2024<\/figcaption><\/figure>\n\n\n\n<figure class=\"wp-block-image size-large is-style-default\"><img loading=\"lazy\" decoding=\"async\" width=\"1024\" height=\"465\" src=\"https:\/\/afdetoccitaniemp.fr\/wp-content\/uploads\/2024\/01\/IMG_32541-fr-1024x465.jpg\" alt=\"\" class=\"wp-image-4404\" srcset=\"https:\/\/afdetoccitaniemp.fr\/wp-content\/uploads\/2024\/01\/IMG_32541-fr-1024x465.jpg 1024w, https:\/\/afdetoccitaniemp.fr\/wp-content\/uploads\/2024\/01\/IMG_32541-fr-300x136.jpg 300w, https:\/\/afdetoccitaniemp.fr\/wp-content\/uploads\/2024\/01\/IMG_32541-fr-768x349.jpg 768w, https:\/\/afdetoccitaniemp.fr\/wp-content\/uploads\/2024\/01\/IMG_32541-fr-1536x698.jpg 1536w, https:\/\/afdetoccitaniemp.fr\/wp-content\/uploads\/2024\/01\/IMG_32541-fr.jpg 1600w\" sizes=\"auto, (max-width: 1024px) 100vw, 1024px\" \/><figcaption class=\"wp-element-caption\">Coll\u00e9gienne et coll\u00e9giens de PIERREFITE-NESTALAS (65) \u00e0 BLAGNAC en d\u00e9cembre 2023<\/figcaption><\/figure>\n\n\n<div class=\"wp-block-image is-style-default\">\n<figure class=\"aligncenter size-large\"><img loading=\"lazy\" decoding=\"async\" width=\"1024\" height=\"487\" src=\"https:\/\/afdetoccitaniemp.fr\/wp-content\/uploads\/2023\/12\/Mielan-site-Airbus-le-12-dec-2023-fr-1024x487.jpg\" alt=\"\" class=\"wp-image-4274\" srcset=\"https:\/\/afdetoccitaniemp.fr\/wp-content\/uploads\/2023\/12\/Mielan-site-Airbus-le-12-dec-2023-fr-1024x487.jpg 1024w, https:\/\/afdetoccitaniemp.fr\/wp-content\/uploads\/2023\/12\/Mielan-site-Airbus-le-12-dec-2023-fr-300x143.jpg 300w, https:\/\/afdetoccitaniemp.fr\/wp-content\/uploads\/2023\/12\/Mielan-site-Airbus-le-12-dec-2023-fr-768x365.jpg 768w, https:\/\/afdetoccitaniemp.fr\/wp-content\/uploads\/2023\/12\/Mielan-site-Airbus-le-12-dec-2023-fr.jpg 1440w\" sizes=\"auto, (max-width: 1024px) 100vw, 1024px\" \/><figcaption class=\"wp-element-caption\">Coll\u00e9giens de MIELAN (Gers), \u00e0 BLAGNAC en d\u00e9cembre 2023<\/figcaption><\/figure>\n<\/div>\n\n\n<figure class=\"wp-block-image size-large is-style-default\"><img loading=\"lazy\" decoding=\"async\" width=\"1024\" height=\"452\" src=\"https:\/\/afdetoccitaniemp.fr\/wp-content\/uploads\/2023\/02\/20230214_115652-rf-1024x452.jpg\" alt=\"\" class=\"wp-image-2944\" srcset=\"https:\/\/afdetoccitaniemp.fr\/wp-content\/uploads\/2023\/02\/20230214_115652-rf-1024x452.jpg 1024w, https:\/\/afdetoccitaniemp.fr\/wp-content\/uploads\/2023\/02\/20230214_115652-rf-300x133.jpg 300w, https:\/\/afdetoccitaniemp.fr\/wp-content\/uploads\/2023\/02\/20230214_115652-rf-768x339.jpg 768w, https:\/\/afdetoccitaniemp.fr\/wp-content\/uploads\/2023\/02\/20230214_115652-rf-1536x679.jpg 1536w, https:\/\/afdetoccitaniemp.fr\/wp-content\/uploads\/2023\/02\/20230214_115652-rf-2048x905.jpg 2048w\" sizes=\"auto, (max-width: 1024px) 100vw, 1024px\" \/><figcaption class=\"wp-element-caption\">Un groupe de coll\u00e9giens de VIC-EN-BIGORRE (65), \u00e0 BLAGNAC en f\u00e9vrier 2023<\/figcaption><\/figure>\n\n\n\n<h2 class=\"wp-block-heading has-normal-font-size\">Ce qu&rsquo;en disent les \u00e9tablissements<\/h2>\n\n\n\n<p>Voici le message que nous a adress\u00e9 le pricipal du coll\u00e8ge d&rsquo;Istrie de PRAYSSAC (46) :<\/p>\n\n\n\n<p><em>Bonjour,<\/em><\/p>\n\n\n\n<p><em>Comme convenu, voici un petit r\u00e9capitulatif de votre intervention du jeudi 26 janvier dernier au Coll\u00e8ge d&rsquo;Istrie de Prayssac, \u00e9labor\u00e9 \u00e0 partir des retours des \u00e9l\u00e8ves.<\/em><\/p>\n\n\n\n<p><em>La plupart d&rsquo;entre eux a particuli\u00e8rement appr\u00e9ci\u00e9 la richesse des informations apport\u00e9es, en lien avec non seulement l&rsquo;industrie en g\u00e9n\u00e9ral, mais aussi l&rsquo;a\u00e9ronautique en particulier. La pr\u00e9sence de photos, de t\u00e9moignages et de vid\u00e9os a permis d&rsquo;illustrer les explications et de rendre ces derni\u00e8res plus attrayantes et vivantes. Beaucoup ont \u00e9t\u00e9 ravis d&rsquo;\u00eatre sensibilis\u00e9s aux diff\u00e9rentes possibilit\u00e9s d&rsquo;orientation dans ces domaines, et que cette d\u00e9couverte des m\u00e9tiers possibles puisse \u00eatre faite en 3\u00e8me.<\/em><\/p>\n\n\n\n<p><em>Petit b\u00e9mol, toutefois, mais sans doute li\u00e9 au jeune \u00e2ge de nos coll\u00e9giens, certains ont trouv\u00e9 que l&rsquo;intervention a \u00e9t\u00e9 un peu trop longue. Mais l&rsquo;impression g\u00e9n\u00e9rale est plus que positive.<\/em><\/p>\n\n\n\n<p><em>Du c\u00f4t\u00e9 des enseignants, il est \u00e9vident que votre venue dans notre \u00e9tablissement a \u00e9t\u00e9 un r\u00e9el plaisir et que votre intervention ne peut qu&rsquo;\u00eatre profitable, d&rsquo;autant plus que notre coll\u00e8ge est relativement isol\u00e9 des grands centres technologiques et industriels. Par la suite, la poursuite de cette intervention par la visite&nbsp;du mus\u00e9e A\u00e9roscopia et des installations d&rsquo;Airbus y trouve une justification tout \u00e0 fait pertinente (\u00e0 plus forte raison pour nos \u00e9l\u00e8ves BIA).<\/em><\/p>\n\n\n\n<p><em>Au nom des \u00e9l\u00e8ves et de mes coll\u00e8gues, je vous remercie encore une fois pour cette action de qualit\u00e9 et esp\u00e8re pouvoir la r\u00e9it\u00e9rer l&rsquo;an prochain.<\/em><\/p>\n\n\n\n<p><em>Bien cordialement.<\/em>  <em> Le Principal, F. Da Cruz<\/em><\/p>\n","protected":false},"excerpt":{"rendered":"<p>Visite des sites d&rsquo;Airbus C&rsquo;est un dispositif qui fait l&rsquo;objet d&rsquo;une convention entre Airbus, l&rsquo;Acad\u00e9mie de TOULOUSE, Manatour, l&rsquo;AFDET OCCITANIE Midi-Pyr\u00e9n\u00e9es et l&rsquo;ONISEP. Il a pour objet l&rsquo;encadrement de groupes <a class=\"more-link\" href=\"https:\/\/afdetoccitaniemp.fr\/?page_id=520\">Continue Reading &rarr;<\/a><\/p>\n","protected":false},"author":1,"featured_media":0,"parent":93,"menu_order":1,"comment_status":"closed","ping_status":"closed","template":"","meta":{"footnotes":""},"class_list":["post-520","page","type-page","status-publish","hentry"],"_links":{"self":[{"href":"https:\/\/afdetoccitaniemp.fr\/index.php?rest_route=\/wp\/v2\/pages\/520","targetHints":{"allow":["GET"]}}],"collection":[{"href":"https:\/\/afdetoccitaniemp.fr\/index.php?rest_route=\/wp\/v2\/pages"}],"about":[{"href":"https:\/\/afdetoccitaniemp.fr\/index.php?rest_route=\/wp\/v2\/types\/page"}],"author":[{"embeddable":true,"href":"https:\/\/afdetoccitaniemp.fr\/index.php?rest_route=\/wp\/v2\/users\/1"}],"replies":[{"embeddable":true,"href":"https:\/\/afdetoccitaniemp.fr\/index.php?rest_route=%2Fwp%2Fv2%2Fcomments&post=520"}],"version-history":[{"count":22,"href":"https:\/\/afdetoccitaniemp.fr\/index.php?rest_route=\/wp\/v2\/pages\/520\/revisions"}],"predecessor-version":[{"id":4417,"href":"https:\/\/afdetoccitaniemp.fr\/index.php?rest_route=\/wp\/v2\/pages\/520\/revisions\/4417"}],"up":[{"embeddable":true,"href":"https:\/\/afdetoccitaniemp.fr\/index.php?rest_route=\/wp\/v2\/pages\/93"}],"wp:attachment":[{"href":"https:\/\/afdetoccitaniemp.fr\/index.php?rest_route=%2Fwp%2Fv2%2Fmedia&parent=520"}],"curies":[{"name":"wp","href":"https:\/\/api.w.org\/{rel}","templated":true}]}}