{"id":356,"date":"2021-07-10T17:29:59","date_gmt":"2021-07-10T15:29:59","guid":{"rendered":"https:\/\/afdetoccitaniemp.fr\/?page_id=356"},"modified":"2023-02-22T17:00:55","modified_gmt":"2023-02-22T16:00:55","slug":"schola-ingeniosa","status":"publish","type":"page","link":"https:\/\/afdetoccitaniemp.fr\/?page_id=356","title":{"rendered":"SCHOLA INGENIOSA"},"content":{"rendered":"\n<p>\u00ab SCHOLA INGENIOSA \u00bb est une action gratuite pour les \u00e9tablissements, sous r\u00e9serve de souscrire une adh\u00e9sion \u00ab personne morale \u00bb aupr\u00e8s de l\u2019AFDET OCCITANIE Midi-Pyr\u00e9n\u00e9es.<\/p>\n\n\n\n<p>Il s\u2019agit pour les animateurs en entrepreneuriat de l\u2019AFDET OCCITANIE Midi-Pyr\u00e9n\u00e9es de d\u00e9velopper l\u2019esprit d\u2019entreprendre et de favoriser la cr\u00e9ativit\u00e9 de futurs entrepreneurs. Les \u00e9l\u00e8ves cr\u00e9ent de toute pi\u00e8ce une entreprise proposant un produit ou un service au cours de l\u2019ann\u00e9e scolaire. C\u2019est pour eux un moyen d\u2019approfondir leurs apprentissages par du concret, de travailler en \u00e9quipe et de d\u00e9couvrir d\u2019autres activit\u00e9s. Les \u00e9l\u00e8ves ont \u00e0 cr\u00e9er et \u00e0 vendre un bien ou un service \u00e0 l\u2019ext\u00e9rieur de l\u2019\u00e9tablissement ou \u00e0 concevoir des projets \u00e0 finalit\u00e9s sociales ou solidaires.<\/p>\n\n\n\n<div class=\"wp-block-file\"><a id=\"wp-block-file--media-85c142ad-3283-412e-af32-2e2cf799c03b\" href=\"https:\/\/afdetoccitaniemp.fr\/wp-content\/uploads\/2021\/07\/Fiche-Entrepreneuriat-.pdf\">Fiche-Entrepreneuriat-<\/a><a href=\"https:\/\/afdetoccitaniemp.fr\/wp-content\/uploads\/2021\/07\/Fiche-Entrepreneuriat-.pdf\" class=\"wp-block-file__button wp-element-button\" download aria-describedby=\"wp-block-file--media-85c142ad-3283-412e-af32-2e2cf799c03b\">T\u00e9l\u00e9charger<\/a><\/div>\n\n\n\n<p>Traditionnellement, diff\u00e9rents conseillers AFDET interviennent en m\u00eame temps dans plusieurs \u00e9tablissements pour soutenir et encadrer des projets, qui sont pr\u00e9sent\u00e9s et \u00e9valu\u00e9s en fin de parcours lors d&rsquo;une manifestation commune au cours de laquelle chaque \u00e9quipe pr\u00e9sente sa mini-entreprise ainsi que que le cheminement qui a conduit \u00e0 sa cr\u00e9ation et expose les produits ou les services commercialis\u00e9s. Un jury, compos\u00e9 de membres de l&rsquo;AFDET OCCITANIE Midi-Pyr\u00e9n\u00e9es et de repr\u00e9sentants du Rectorat, \u00e9value les mini-entreprises et d\u00e9cerne des r\u00e9compenses.<\/p>\n\n\n\n<h4 class=\"wp-block-heading\">Action 2021-2022<\/h4>\n\n\n\n<p><\/p>\n\n\n\n<p>Depuis le 16 septembre 2021, Bernard VILOTTE, notre animateur a entrepris de suivre la cr\u00e9ation d&rsquo;une mini-entreprise par 14 \u00e9l\u00e8ves de 1\u00e8re bac pro \u00ab\u00a0m\u00e9tiers de la mode &#8211; v\u00eatements\u00a0\u00bb du lyc\u00e9e Toulouse-Lautrec d&rsquo;ALBI, encadr\u00e9(e)s par leurs professeures de sp\u00e9cialit\u00e9 et d&rsquo;arts appliqu\u00e9s. Apr\u00e8s trois visites de notre ami, le projet de confectionner un tablier de serveur de restaurant destin\u00e9 \u00e0 de jeunes trisomiques de l&rsquo;association \u00ab\u00a0citoyens 21\u00a0\u00bb a beaucoup progress\u00e9..<\/p>\n\n\n\n<div class=\"wp-block-columns is-layout-flex wp-container-core-columns-is-layout-9d6595d7 wp-block-columns-is-layout-flex\">\n<div class=\"wp-block-column is-layout-flow wp-block-column-is-layout-flow\" style=\"flex-basis:66.66%\">\n<figure class=\"wp-block-image size-large\"><img loading=\"lazy\" decoding=\"async\" width=\"749\" height=\"562\" src=\"https:\/\/afdetoccitaniemp.fr\/wp-content\/uploads\/2021\/11\/reunion-T-L-2021-2022.jpg\" alt=\"\" class=\"wp-image-719\" srcset=\"https:\/\/afdetoccitaniemp.fr\/wp-content\/uploads\/2021\/11\/reunion-T-L-2021-2022.jpg 749w, https:\/\/afdetoccitaniemp.fr\/wp-content\/uploads\/2021\/11\/reunion-T-L-2021-2022-300x225.jpg 300w\" sizes=\"auto, (max-width: 749px) 100vw, 749px\" \/><figcaption class=\"wp-element-caption\">S\u00e9ance de travail avec notre ami B. VILOTTE (\u00e0 droite)<\/figcaption><\/figure>\n<\/div>\n\n\n\n<div class=\"wp-block-column is-layout-flow wp-block-column-is-layout-flow\" style=\"flex-basis:33.33%\"><div class=\"wp-block-image\">\n<figure class=\"alignleft size-large\"><img loading=\"lazy\" decoding=\"async\" width=\"314\" height=\"317\" src=\"https:\/\/afdetoccitaniemp.fr\/wp-content\/uploads\/2021\/11\/tablier-T-L-ALBI-2021-2022.png\" alt=\"\" class=\"wp-image-720\" srcset=\"https:\/\/afdetoccitaniemp.fr\/wp-content\/uploads\/2021\/11\/tablier-T-L-ALBI-2021-2022.png 314w, https:\/\/afdetoccitaniemp.fr\/wp-content\/uploads\/2021\/11\/tablier-T-L-ALBI-2021-2022-297x300.png 297w, https:\/\/afdetoccitaniemp.fr\/wp-content\/uploads\/2021\/11\/tablier-T-L-ALBI-2021-2022-150x150.png 150w\" sizes=\"auto, (max-width: 314px) 100vw, 314px\" \/><figcaption class=\"wp-element-caption\">Projet de tablier adapt\u00e9 aux besoins des serveurs du restaurant \u00ab\u00a0Grain de Sel\u00a0\u00bb.<\/figcaption><\/figure>\n<\/div>\n\n\n<p><\/p>\n<\/div>\n<\/div>\n\n\n\n<p>Une fois le prototype de tablier valid\u00e9, les lyc\u00e9ens ont entrepris d&rsquo;en confectionner le nombre d&rsquo;exemplaires n\u00e9cessaire, qu&rsquo;ils ont livr\u00e9s en septembre au restaurant <strong>le Grain de Sel<\/strong> d&rsquo;ALBI.<\/p>\n\n\n\n<figure class=\"wp-block-gallery has-nested-images columns-default is-cropped wp-block-gallery-1 is-layout-flex wp-block-gallery-is-layout-flex\">\n<figure class=\"wp-block-image size-large is-style-default\"><img loading=\"lazy\" decoding=\"async\" width=\"200\" height=\"198\" data-id=\"2376\" src=\"https:\/\/afdetoccitaniemp.fr\/wp-content\/uploads\/2022\/12\/Capture-lyceen-machine-a-coudre.jpg\" alt=\"\" class=\"wp-image-2376\" srcset=\"https:\/\/afdetoccitaniemp.fr\/wp-content\/uploads\/2022\/12\/Capture-lyceen-machine-a-coudre.jpg 200w, https:\/\/afdetoccitaniemp.fr\/wp-content\/uploads\/2022\/12\/Capture-lyceen-machine-a-coudre-150x150.jpg 150w\" sizes=\"auto, (max-width: 200px) 100vw, 200px\" \/><figcaption class=\"wp-element-caption\">Confection des tabliers<\/figcaption><\/figure>\n\n\n\n<figure class=\"wp-block-image size-large is-style-default\"><img loading=\"lazy\" decoding=\"async\" width=\"194\" height=\"198\" data-id=\"2377\" src=\"https:\/\/afdetoccitaniemp.fr\/wp-content\/uploads\/2022\/12\/Capture-lyceenne-fer.jpg\" alt=\"\" class=\"wp-image-2377\"\/><figcaption class=\"wp-element-caption\">Repassage des tabliers<\/figcaption><\/figure>\n\n\n\n<figure class=\"wp-block-image size-large is-style-default\"><img loading=\"lazy\" decoding=\"async\" width=\"194\" height=\"193\" data-id=\"2375\" src=\"https:\/\/afdetoccitaniemp.fr\/wp-content\/uploads\/2022\/12\/Capture-essayage.jpg\" alt=\"\" class=\"wp-image-2375\" srcset=\"https:\/\/afdetoccitaniemp.fr\/wp-content\/uploads\/2022\/12\/Capture-essayage.jpg 194w, https:\/\/afdetoccitaniemp.fr\/wp-content\/uploads\/2022\/12\/Capture-essayage-150x150.jpg 150w\" sizes=\"auto, (max-width: 194px) 100vw, 194px\" \/><figcaption class=\"wp-element-caption\">Essayage<\/figcaption><\/figure>\n<\/figure>\n\n\n<div class=\"wp-block-image\">\n<figure class=\"aligncenter size-large\"><img loading=\"lazy\" decoding=\"async\" width=\"738\" height=\"417\" src=\"https:\/\/afdetoccitaniemp.fr\/wp-content\/uploads\/2021\/11\/equipe-T-L-dALBI-2021-2022.jpg\" alt=\"\" class=\"wp-image-718\" srcset=\"https:\/\/afdetoccitaniemp.fr\/wp-content\/uploads\/2021\/11\/equipe-T-L-dALBI-2021-2022.jpg 738w, https:\/\/afdetoccitaniemp.fr\/wp-content\/uploads\/2021\/11\/equipe-T-L-dALBI-2021-2022-300x170.jpg 300w\" sizes=\"auto, (max-width: 738px) 100vw, 738px\" \/><figcaption class=\"wp-element-caption\">Pr\u00e9sentation du mod\u00e8le de tablier retenu<\/figcaption><\/figure>\n<\/div>\n\n\n<p>Le<strong> 21 novembre 2022<\/strong>, notre ami Bernard VILOTTE a particip\u00e9 \u00e0 l&rsquo;inauguration du restaurant inclusif <strong>le Grain de Sel<\/strong>, am\u00e9nag\u00e9 dans la gare ALBI-Madeleine, en pr\u00e9sence des lyc\u00e9ens de la mini-entreprise, de responsables de l&rsquo;association Citoyens 21 d&rsquo;ALBI, \u00e0 l&rsquo;origine du projet, d&rsquo;un repr\u00e9sentant de la pr\u00e9fecture, d&rsquo;un repr\u00e9sentant du Conseil D\u00e9partemental, d&rsquo;un adjoint au maire de la ville pour les affaires sociales et du repr\u00e9sentant r\u00e9gional de la SNCF pour l&rsquo;am\u00e9nagement des gares.<\/p>\n\n\n\n<figure class=\"wp-block-gallery has-nested-images columns-default is-cropped wp-block-gallery-2 is-layout-flex wp-block-gallery-is-layout-flex\">\n<figure class=\"wp-block-image size-large is-style-default\"><img loading=\"lazy\" decoding=\"async\" width=\"605\" height=\"454\" data-id=\"2378\" src=\"https:\/\/afdetoccitaniemp.fr\/wp-content\/uploads\/2022\/12\/316407335_1910719182653953_1193122058117875188_n.jpg\" alt=\"\" class=\"wp-image-2378\" srcset=\"https:\/\/afdetoccitaniemp.fr\/wp-content\/uploads\/2022\/12\/316407335_1910719182653953_1193122058117875188_n.jpg 605w, https:\/\/afdetoccitaniemp.fr\/wp-content\/uploads\/2022\/12\/316407335_1910719182653953_1193122058117875188_n-300x225.jpg 300w\" sizes=\"auto, (max-width: 605px) 100vw, 605px\" \/><figcaption class=\"wp-element-caption\">La gare ALBI-Madeleine<\/figcaption><\/figure>\n\n\n\n<figure class=\"wp-block-image size-large is-style-default\"><img loading=\"lazy\" decoding=\"async\" width=\"479\" height=\"638\" data-id=\"2388\" src=\"https:\/\/afdetoccitaniemp.fr\/wp-content\/uploads\/2022\/12\/image-resto-Grain-de-Sel-1-rotated.jpg\" alt=\"\" class=\"wp-image-2388\" srcset=\"https:\/\/afdetoccitaniemp.fr\/wp-content\/uploads\/2022\/12\/image-resto-Grain-de-Sel-1-rotated.jpg 479w, https:\/\/afdetoccitaniemp.fr\/wp-content\/uploads\/2022\/12\/image-resto-Grain-de-Sel-1-225x300.jpg 225w\" sizes=\"auto, (max-width: 479px) 100vw, 479px\" \/><figcaption class=\"wp-element-caption\">Vue sur les quais<\/figcaption><\/figure>\n\n\n\n<figure class=\"wp-block-image size-large is-style-default\"><img loading=\"lazy\" decoding=\"async\" width=\"494\" height=\"659\" data-id=\"2389\" src=\"https:\/\/afdetoccitaniemp.fr\/wp-content\/uploads\/2022\/12\/image-inauguration-rotated.jpg\" alt=\"\" class=\"wp-image-2389\" srcset=\"https:\/\/afdetoccitaniemp.fr\/wp-content\/uploads\/2022\/12\/image-inauguration-rotated.jpg 494w, https:\/\/afdetoccitaniemp.fr\/wp-content\/uploads\/2022\/12\/image-inauguration-225x300.jpg 225w\" sizes=\"auto, (max-width: 494px) 100vw, 494px\" \/><figcaption class=\"wp-element-caption\">Inauguration<\/figcaption><\/figure>\n<\/figure>\n\n\n\n<p>D&rsquo;une capacit\u00e9 de 40 couverts, r\u00e9partis dans une salle am\u00e9nag\u00e9e \u00e0 la place d&rsquo;appartements d\u00e9saffect\u00e9s, et dans une v\u00e9randa qui donne sur les quais, ce restaurant est anim\u00e9 par un chef de cuisine et un chef de salle, qui coordonnent 11 \u00e9quipiers, dont une majorit\u00e9 de porteurs de trisomie 21 encadr\u00e9s par  des b\u00e9n\u00e9voles.<\/p>\n\n\n\n<figure class=\"wp-block-image size-large is-style-default\"><img loading=\"lazy\" decoding=\"async\" width=\"1024\" height=\"387\" src=\"https:\/\/afdetoccitaniemp.fr\/wp-content\/uploads\/2022\/12\/img-0195-3-1608746081744-6c7ce7905fd44889b845b93876f766b1-r-1024x387.jpg\" alt=\"\" class=\"wp-image-2383\" srcset=\"https:\/\/afdetoccitaniemp.fr\/wp-content\/uploads\/2022\/12\/img-0195-3-1608746081744-6c7ce7905fd44889b845b93876f766b1-r-1024x387.jpg 1024w, https:\/\/afdetoccitaniemp.fr\/wp-content\/uploads\/2022\/12\/img-0195-3-1608746081744-6c7ce7905fd44889b845b93876f766b1-r-300x113.jpg 300w, https:\/\/afdetoccitaniemp.fr\/wp-content\/uploads\/2022\/12\/img-0195-3-1608746081744-6c7ce7905fd44889b845b93876f766b1-r-768x290.jpg 768w, https:\/\/afdetoccitaniemp.fr\/wp-content\/uploads\/2022\/12\/img-0195-3-1608746081744-6c7ce7905fd44889b845b93876f766b1-r-1536x580.jpg 1536w, https:\/\/afdetoccitaniemp.fr\/wp-content\/uploads\/2022\/12\/img-0195-3-1608746081744-6c7ce7905fd44889b845b93876f766b1-r-2048x773.jpg 2048w\" sizes=\"auto, (max-width: 1024px) 100vw, 1024px\" \/><\/figure>\n\n\n\n<h4 class=\"wp-block-heading\">Bilan 2020-2021<\/h4>\n\n\n\n<p>Du fait des contraintes sanitaires qui ont limit\u00e9 l&rsquo;acc\u00e8s de nos intervenants aux \u00e9tablissements de formation, un seul projet aura \u00e9t\u00e9 men\u00e9 \u00e0 son terme, avec l&rsquo;aide et les conseils de notre ami Bernard VILOTTE, qui, de bout en bout, aura pu \u00eatre aux c\u00f4t\u00e9s des \u00e9l\u00e8ves d&rsquo;une classe de seconde pro du <strong>lyc\u00e9e ORT-Maurice Grynfogel de COLOMIERS<\/strong> en pr\u00e9sentiel, dans le respect des consignes sanitaires en vigueur. <\/p>\n\n\n\n<div class=\"wp-block-columns is-layout-flex wp-container-core-columns-is-layout-9d6595d7 wp-block-columns-is-layout-flex\">\n<div class=\"wp-block-column is-layout-flow wp-block-column-is-layout-flow\"><div class=\"wp-block-image\">\n<figure class=\"aligncenter size-large\"><img loading=\"lazy\" decoding=\"async\" width=\"485\" height=\"645\" src=\"https:\/\/afdetoccitaniemp.fr\/wp-content\/uploads\/2021\/07\/image-Bernard-2-1.jpg\" alt=\"\" class=\"wp-image-494\" srcset=\"https:\/\/afdetoccitaniemp.fr\/wp-content\/uploads\/2021\/07\/image-Bernard-2-1.jpg 485w, https:\/\/afdetoccitaniemp.fr\/wp-content\/uploads\/2021\/07\/image-Bernard-2-1-226x300.jpg 226w\" sizes=\"auto, (max-width: 485px) 100vw, 485px\" \/><figcaption class=\"wp-element-caption\">L&rsquo;animateur AFDET, Bernard VILOTTE<\/figcaption><\/figure>\n<\/div><\/div>\n\n\n\n<div class=\"wp-block-column is-layout-flow wp-block-column-is-layout-flow\"><div class=\"wp-block-image\">\n<figure class=\"aligncenter size-large\"><img loading=\"lazy\" decoding=\"async\" width=\"482\" height=\"642\" src=\"https:\/\/afdetoccitaniemp.fr\/wp-content\/uploads\/2021\/07\/image-atelier-decoupe-rotated.jpg\" alt=\"\" class=\"wp-image-495\" srcset=\"https:\/\/afdetoccitaniemp.fr\/wp-content\/uploads\/2021\/07\/image-atelier-decoupe-rotated.jpg 482w, https:\/\/afdetoccitaniemp.fr\/wp-content\/uploads\/2021\/07\/image-atelier-decoupe-225x300.jpg 225w\" sizes=\"auto, (max-width: 482px) 100vw, 482px\" \/><figcaption class=\"wp-element-caption\">L&rsquo;atelier de fabrication des prototypes<\/figcaption><\/figure>\n<\/div><\/div>\n\n\n\n<div class=\"wp-block-column is-layout-flow wp-block-column-is-layout-flow\"><div class=\"wp-block-image\">\n<figure class=\"aligncenter size-large\"><img loading=\"lazy\" decoding=\"async\" width=\"386\" height=\"517\" src=\"https:\/\/afdetoccitaniemp.fr\/wp-content\/uploads\/2021\/07\/image-presentation-2-rotated.jpg\" alt=\"\" class=\"wp-image-496\" srcset=\"https:\/\/afdetoccitaniemp.fr\/wp-content\/uploads\/2021\/07\/image-presentation-2-rotated.jpg 386w, https:\/\/afdetoccitaniemp.fr\/wp-content\/uploads\/2021\/07\/image-presentation-2-224x300.jpg 224w\" sizes=\"auto, (max-width: 386px) 100vw, 386px\" \/><figcaption class=\"wp-element-caption\">Echanges entre \u00e9quipes<\/figcaption><\/figure>\n<\/div>\n\n\n<p><\/p>\n<\/div>\n<\/div>\n\n\n\n<p><strong>Un beau succ\u00e8s en trois dates cl\u00e9s :<\/strong><\/p>\n\n\n\n<div class=\"wp-block-columns is-layout-flex wp-container-core-columns-is-layout-9d6595d7 wp-block-columns-is-layout-flex\">\n<div class=\"wp-block-column is-layout-flow wp-block-column-is-layout-flow\" style=\"flex-basis:25%\">\n<figure class=\"wp-block-image size-large\"><img loading=\"lazy\" decoding=\"async\" width=\"140\" height=\"287\" src=\"https:\/\/afdetoccitaniemp.fr\/wp-content\/uploads\/2021\/07\/Sac-1.png\" alt=\"\" class=\"wp-image-488\"\/><\/figure>\n<\/div>\n\n\n\n<div class=\"wp-block-column is-layout-flow wp-block-column-is-layout-flow\" style=\"flex-basis:50%\">\n<p class=\"has-small-font-size\"><strong>D\u00e9but d\u00e9cembre 2020<\/strong> : cr\u00e9ation de la mini-entreprise LEO et LEOVA.<\/p>\n\n\n\n<p><strong>Fin d\u00e9cembre 2020<\/strong> : les jeunes entrepreneurs d\u00e9cident de commercialiser deux besaces.<\/p>\n\n\n\n<p><strong>Mars 2021 <\/strong>: les deux mod\u00e8les retenus sont fabriqu\u00e9s par une entreprise sp\u00e9cialis\u00e9e et disponibles \u00e0 la vente.<\/p>\n<\/div>\n\n\n\n<div class=\"wp-block-column is-layout-flow wp-block-column-is-layout-flow\" style=\"flex-basis:25%\">\n<figure class=\"wp-block-image size-large\"><img loading=\"lazy\" decoding=\"async\" width=\"144\" height=\"288\" src=\"https:\/\/afdetoccitaniemp.fr\/wp-content\/uploads\/2021\/07\/sac-2.png\" alt=\"\" class=\"wp-image-489\"\/><\/figure>\n<\/div>\n<\/div>\n\n\n\n<p>Pour en savoir plus sur cette belle r\u00e9ussite, lire le compte-rendu ci-contre : <a href=\"https:\/\/afdetoccitaniemp.fr\/wp-content\/uploads\/2021\/07\/SCHOLA-INGENIOSA-genese-mini-entreprise-3.docx\" target=\"_blank\" rel=\"noreferrer noopener\">gen\u00e8se d&rsquo;une mini-entreprise r\u00e9ussie<\/a><\/p>\n","protected":false},"excerpt":{"rendered":"<p>\u00ab SCHOLA INGENIOSA \u00bb est une action gratuite pour les \u00e9tablissements, sous r\u00e9serve de souscrire une adh\u00e9sion \u00ab personne morale \u00bb aupr\u00e8s de l\u2019AFDET OCCITANIE Midi-Pyr\u00e9n\u00e9es. Il s\u2019agit pour les <a class=\"more-link\" href=\"https:\/\/afdetoccitaniemp.fr\/?page_id=356\">Continue Reading &rarr;<\/a><\/p>\n","protected":false},"author":1,"featured_media":0,"parent":93,"menu_order":1,"comment_status":"closed","ping_status":"closed","template":"","meta":{"footnotes":""},"class_list":["post-356","page","type-page","status-publish","hentry"],"_links":{"self":[{"href":"https:\/\/afdetoccitaniemp.fr\/index.php?rest_route=\/wp\/v2\/pages\/356","targetHints":{"allow":["GET"]}}],"collection":[{"href":"https:\/\/afdetoccitaniemp.fr\/index.php?rest_route=\/wp\/v2\/pages"}],"about":[{"href":"https:\/\/afdetoccitaniemp.fr\/index.php?rest_route=\/wp\/v2\/types\/page"}],"author":[{"embeddable":true,"href":"https:\/\/afdetoccitaniemp.fr\/index.php?rest_route=\/wp\/v2\/users\/1"}],"replies":[{"embeddable":true,"href":"https:\/\/afdetoccitaniemp.fr\/index.php?rest_route=%2Fwp%2Fv2%2Fcomments&post=356"}],"version-history":[{"count":30,"href":"https:\/\/afdetoccitaniemp.fr\/index.php?rest_route=\/wp\/v2\/pages\/356\/revisions"}],"predecessor-version":[{"id":2955,"href":"https:\/\/afdetoccitaniemp.fr\/index.php?rest_route=\/wp\/v2\/pages\/356\/revisions\/2955"}],"up":[{"embeddable":true,"href":"https:\/\/afdetoccitaniemp.fr\/index.php?rest_route=\/wp\/v2\/pages\/93"}],"wp:attachment":[{"href":"https:\/\/afdetoccitaniemp.fr\/index.php?rest_route=%2Fwp%2Fv2%2Fmedia&parent=356"}],"curies":[{"name":"wp","href":"https:\/\/api.w.org\/{rel}","templated":true}]}}