{"id":1081,"date":"2022-02-18T18:07:37","date_gmt":"2022-02-18T17:07:37","guid":{"rendered":"https:\/\/afdetoccitaniemp.fr\/?page_id=1081"},"modified":"2025-02-24T17:44:12","modified_gmt":"2025-02-24T16:44:12","slug":"taxe-dapprentissage","status":"publish","type":"page","link":"https:\/\/afdetoccitaniemp.fr\/?page_id=1081","title":{"rendered":"Taxe d&rsquo;apprentissage"},"content":{"rendered":"\n<p>L\u2019AFDET, Association Reconnue d\u2019Utilit\u00e9 Publique et ONG, est habilit\u00e9e \u00e0 percevoir le solde (13%) de la taxe d\u2019apprentissage d&rsquo;une entreprise.<\/p>\n\n\n\n<p>Son action pour la promotion de la formation technologique et professionnelle initiale, pour la valorisation des m\u00e9tiers et l\u2019int\u00e9gration des jeunes en entreprise est reconnue sur le plan national et dans les territoires.<\/p>\n\n\n\n<p>En soutenant l\u2019AFDET par le versement de votre solde de taxe d\u2019apprentissage, vous renforcez sa capacit\u00e9 d\u2019agir :<br>\u2022 au b\u00e9n\u00e9fice des entreprises en leur permettant de trouver les comp\u00e9tences qu\u2019elles recherchent au sein des \u00e9tablissements de formation quels que soient leurs statuts.<br>\u2022 au b\u00e9n\u00e9fice des jeunes pour mieux les \u00e9clairer dans leurs choix d\u2019orientation, dans la construction de leur parcours de formation et d\u2019alternance vers l\u2019entreprise.<\/p>\n\n\n\n<h2 class=\"wp-block-heading\" id=\"les-actions-afdet-financees-par-le-solde-de-la-taxe-d-apprentissage\">Les actions AFDET financ\u00e9es par le solde de la taxe d&rsquo;apprentissage<\/h2>\n\n\n\n<p><strong>2025, l\u2019ann\u00e9e du mentorat<\/strong><br>En nous versant votre solde de taxe d\u2019apprentissage, vous nous aiderez \u00e0 d\u00e9velopper le mentorat. Sur un plan op\u00e9rationnel, le mentorat consiste en la mise en relation d\u2019un jeune en demande de conseil et d\u2019assistance avec un adulte en exercice professionnel afin de faciliter son d\u00e9veloppement personnel et professionnel. Outre votre soutien financier, votre entreprise peut trouver b\u00e9n\u00e9fice \u00e0 s\u2019investir dans ce projet par l\u2019entremise de ses salari\u00e9s. Le mentor, par le conseil bienveillant qu\u2019il dispense au mentor\u00e9 fera mieux connaitre votre entreprise, votre secteur professionnel.<\/p>\n\n\n\n<p><strong>Des objectifs \u00ab lisibles \u00bb<\/strong><br>\u2713 Promouvoir les m\u00e9tiers en tension et les m\u00e9tiers d\u2019avenir.<br>\u2713 Accompagner les jeunes dans la d\u00e9couverte du monde professionnel et \u00e9clairer leurs choix d\u2019orientation.<br>\u2713 Contribuer \u00e0 l\u2019int\u00e9gration des jeunes dans l\u2019entreprise.<br>\u2713 Valoriser les formations professionnelles et technologiques pour former les professionnels de demain.<br>\u2713 \u0152uvrer \u00e0 la promotion de parcours de formation adapt\u00e9s aux jeunes et aux besoins des entreprises.<\/p>\n\n\n\n<figure class=\"wp-block-image size-large\"><img loading=\"lazy\" decoding=\"async\" width=\"1024\" height=\"218\" src=\"https:\/\/afdetoccitaniemp.fr\/wp-content\/uploads\/2022\/02\/Capture-TA-2-1024x218.jpg\" alt=\"\" class=\"wp-image-1084\" srcset=\"https:\/\/afdetoccitaniemp.fr\/wp-content\/uploads\/2022\/02\/Capture-TA-2-1024x218.jpg 1024w, https:\/\/afdetoccitaniemp.fr\/wp-content\/uploads\/2022\/02\/Capture-TA-2-300x64.jpg 300w, https:\/\/afdetoccitaniemp.fr\/wp-content\/uploads\/2022\/02\/Capture-TA-2-768x164.jpg 768w, https:\/\/afdetoccitaniemp.fr\/wp-content\/uploads\/2022\/02\/Capture-TA-2.jpg 1489w\" sizes=\"auto, (max-width: 1024px) 100vw, 1024px\" \/><\/figure>\n\n\n\n<h2 class=\"wp-block-heading\" id=\"comment-verser-le-solde-de-la-ta\">Comment verser le solde de la TA<\/h2>\n\n\n\n<p>Votre taxe d\u2019apprentissage sur les salaires 2024 sera per\u00e7ue par l\u2019Urssaf lors de<br>votre DSN d\u2019avril 2024. La date du versement diff\u00e8re selon la taille de l\u2019entreprise. Le<br>taux de la taxe d\u2019apprentissage est de 0,68 % de la masse salariale 2023 et<br>comprend :<br>&#8211; Une premi\u00e8re fraction \u00e9gale \u00e0 87% de la taxe vers\u00e9e sera destin\u00e9e au<br>financement de l\u2019apprentissage.<br>&#8211; Une seconde fraction \u00e9gale \u00e0 13% dite \u00ab Solde de taxe d\u2019apprentissage \u00bb<br>pouvant \u00eatre affect\u00e9e \u00e0 l\u2019AFDET.<br>Pour verser votre solde de taxe d\u2019apprentissage \u00e0 l\u2019AFDET, il vous suffira de vous<br>rendre sur la plateforme nationale <strong>SOLT\u00e9A<\/strong> (www.soltea.gouv.fr ) d\u00e8s le 1er mai<br>2024, et de s\u00e9lectionner l\u2019AFDET dans la liste organismes \u00e9ligibles gr\u00e2ce \u00e0 :<br>&#8211; Son nom : Association Fran\u00e7aise pour le D\u00e9veloppement de l&rsquo;Enseignement Technique.<br>&#8211; Son adresse postale : 178 rue du Temple &#8211; 75003 PARIS<br>&#8211; Son SIRET : 775 666 381 00055<\/p>\n\n\n\n<p><\/p>\n","protected":false},"excerpt":{"rendered":"<p>L\u2019AFDET, Association Reconnue d\u2019Utilit\u00e9 Publique et ONG, est habilit\u00e9e \u00e0 percevoir le solde (13%) de la taxe d\u2019apprentissage d&rsquo;une entreprise. Son action pour la promotion de la formation technologique et <a class=\"more-link\" href=\"https:\/\/afdetoccitaniemp.fr\/?page_id=1081\">Continue Reading &rarr;<\/a><\/p>\n","protected":false},"author":1,"featured_media":0,"parent":74,"menu_order":0,"comment_status":"closed","ping_status":"closed","template":"","meta":{"footnotes":""},"class_list":["post-1081","page","type-page","status-publish","hentry"],"_links":{"self":[{"href":"https:\/\/afdetoccitaniemp.fr\/index.php?rest_route=\/wp\/v2\/pages\/1081","targetHints":{"allow":["GET"]}}],"collection":[{"href":"https:\/\/afdetoccitaniemp.fr\/index.php?rest_route=\/wp\/v2\/pages"}],"about":[{"href":"https:\/\/afdetoccitaniemp.fr\/index.php?rest_route=\/wp\/v2\/types\/page"}],"author":[{"embeddable":true,"href":"https:\/\/afdetoccitaniemp.fr\/index.php?rest_route=\/wp\/v2\/users\/1"}],"replies":[{"embeddable":true,"href":"https:\/\/afdetoccitaniemp.fr\/index.php?rest_route=%2Fwp%2Fv2%2Fcomments&post=1081"}],"version-history":[{"count":10,"href":"https:\/\/afdetoccitaniemp.fr\/index.php?rest_route=\/wp\/v2\/pages\/1081\/revisions"}],"predecessor-version":[{"id":4905,"href":"https:\/\/afdetoccitaniemp.fr\/index.php?rest_route=\/wp\/v2\/pages\/1081\/revisions\/4905"}],"up":[{"embeddable":true,"href":"https:\/\/afdetoccitaniemp.fr\/index.php?rest_route=\/wp\/v2\/pages\/74"}],"wp:attachment":[{"href":"https:\/\/afdetoccitaniemp.fr\/index.php?rest_route=%2Fwp%2Fv2%2Fmedia&parent=1081"}],"curies":[{"name":"wp","href":"https:\/\/api.w.org\/{rel}","templated":true}]}}