{"id":105,"date":"2021-07-03T15:19:28","date_gmt":"2021-07-03T13:19:28","guid":{"rendered":"https:\/\/afdetoccitaniemp.fr\/?page_id=105"},"modified":"2026-04-13T11:11:00","modified_gmt":"2026-04-13T09:11:00","slug":"nos-publications","status":"publish","type":"page","link":"https:\/\/afdetoccitaniemp.fr\/?page_id=105","title":{"rendered":"Nos publications"},"content":{"rendered":"\n<p class=\"has-large-font-size\" id=\"haut\"><strong>La Newsletter\/lettre d&rsquo;information de la section AFDET OCCITANIE Midi-Pyr\u00e9n\u00e9es<\/strong><\/p>\n\n\n\n<div class=\"wp-block-media-text alignwide is-stacked-on-mobile\"><figure class=\"wp-block-media-text__media\"><img loading=\"lazy\" decoding=\"async\" width=\"834\" height=\"383\" src=\"https:\/\/afdetoccitaniemp.fr\/wp-content\/uploads\/2021\/01\/NEWSLETTER-.png\" alt=\"\" class=\"wp-image-90 size-full\" srcset=\"https:\/\/afdetoccitaniemp.fr\/wp-content\/uploads\/2021\/01\/NEWSLETTER-.png 834w, https:\/\/afdetoccitaniemp.fr\/wp-content\/uploads\/2021\/01\/NEWSLETTER--300x138.png 300w, https:\/\/afdetoccitaniemp.fr\/wp-content\/uploads\/2021\/01\/NEWSLETTER--768x353.png 768w\" sizes=\"auto, (max-width: 834px) 100vw, 834px\" \/><\/figure><div class=\"wp-block-media-text__content\">\n<p class=\"has-normal-font-size\">Retrouvez l&rsquo;historique des actions men\u00e9es par l&rsquo;AFDET OCCITANIE Midi-Pyr\u00e9n\u00e9es en consultant les informations compil\u00e9es bimestriellement dans la Newsletter. Les num\u00e9ros publi\u00e9s sont consultables \u00e0 la page \u00ab\u00a0<a href=\"https:\/\/afdetoccitaniemp.fr\/?page_id=89\" target=\"_blank\" rel=\"noreferrer noopener\">Nos publications\/Newsletter<\/a>\u00ab\u00a0<\/p>\n<\/div><\/div>\n\n\n\n<hr class=\"wp-block-separator has-css-opacity\"\/>\n\n\n\n<hr class=\"wp-block-separator has-css-opacity\"\/>\n\n\n\n<hr class=\"wp-block-separator has-css-opacity\"\/>\n\n\n\n<p><\/p>\n","protected":false},"excerpt":{"rendered":"<p>La Newsletter\/lettre d&rsquo;information de la section AFDET OCCITANIE Midi-Pyr\u00e9n\u00e9es Retrouvez l&rsquo;historique des actions men\u00e9es par l&rsquo;AFDET OCCITANIE Midi-Pyr\u00e9n\u00e9es en consultant les informations compil\u00e9es bimestriellement dans la Newsletter. Les num\u00e9ros publi\u00e9s <a class=\"more-link\" href=\"https:\/\/afdetoccitaniemp.fr\/?page_id=105\">Continue Reading &rarr;<\/a><\/p>\n","protected":false},"author":1,"featured_media":0,"parent":0,"menu_order":0,"comment_status":"closed","ping_status":"closed","template":"","meta":{"footnotes":""},"class_list":["post-105","page","type-page","status-publish","hentry"],"_links":{"self":[{"href":"https:\/\/afdetoccitaniemp.fr\/index.php?rest_route=\/wp\/v2\/pages\/105","targetHints":{"allow":["GET"]}}],"collection":[{"href":"https:\/\/afdetoccitaniemp.fr\/index.php?rest_route=\/wp\/v2\/pages"}],"about":[{"href":"https:\/\/afdetoccitaniemp.fr\/index.php?rest_route=\/wp\/v2\/types\/page"}],"author":[{"embeddable":true,"href":"https:\/\/afdetoccitaniemp.fr\/index.php?rest_route=\/wp\/v2\/users\/1"}],"replies":[{"embeddable":true,"href":"https:\/\/afdetoccitaniemp.fr\/index.php?rest_route=%2Fwp%2Fv2%2Fcomments&post=105"}],"version-history":[{"count":28,"href":"https:\/\/afdetoccitaniemp.fr\/index.php?rest_route=\/wp\/v2\/pages\/105\/revisions"}],"predecessor-version":[{"id":5015,"href":"https:\/\/afdetoccitaniemp.fr\/index.php?rest_route=\/wp\/v2\/pages\/105\/revisions\/5015"}],"wp:attachment":[{"href":"https:\/\/afdetoccitaniemp.fr\/index.php?rest_route=%2Fwp%2Fv2%2Fmedia&parent=105"}],"curies":[{"name":"wp","href":"https:\/\/api.w.org\/{rel}","templated":true}]}}